{"id":1622,"date":"2020-10-09T13:16:50","date_gmt":"2020-10-09T13:16:50","guid":{"rendered":"https:\/\/epiderma.ca\/your-natural-beauty-enhanced\/"},"modified":"2025-09-23T15:16:01","modified_gmt":"2025-09-23T19:16:01","slug":"medicart-network","status":"publish","type":"page","link":"https:\/\/medicart.com\/en\/","title":{"rendered":"Medicart Network | 31 clinics in Canada"},"content":{"rendered":"\n<p>Medicart is the brand of choice for aesthetic medicine and skin care in the world today. A world where, in a word, people feel good. To do so, we have created a unique network focussed entirely on the sole purpose of being happy in your own skin.<\/p>\n","protected":false},"excerpt":{"rendered":"<p>Medicart is the brand of choice for aesthetic medicine and skin care in the world today. A world where, in a word, people feel good. To do so, we have created a unique network focussed entirely on the sole purpose of being happy in your own skin.<\/p>\n","protected":false},"author":36987,"featured_media":0,"parent":0,"menu_order":0,"comment_status":"closed","ping_status":"closed","template":"template-homepage.php","meta":{"_acf_changed":false,"footnotes":""},"acf":{"home_numbers":[{"number":"36","label":"treatments","text":"In our clinics, we combine medical expertise and aesthetics to offer you a complete range of personalized treatments."},{"number":"75","label":"physicians and nurses","text":"We have assembled a team of highly qualified healthcare professionals who are passionate about their work and dedicated to providing you with the highest quality care."},{"number":"15","label":"technicians","text":"In addition to providing you with quality care, we aim to establish a trusting relationship with you. Our goal is to offer you a positive experience by helping you feel comfortable and confident from your very first visit."}],"block_treatments":{"title":"From head to toe","text":"<p>Because you deserve to aspire to a positive self-image, our team is dedicated to providing you with the best in medical aesthetic care in Canada.<\/p>\n<p>Day after day, we strive to enhance the natural beauty of our clients, with attentiveness and respect for each individual. Our goal remains and will always be the same: your satisfaction and helping you fully thrive.<\/p>\n","button_link":{"title":"Discover our treatments ","url":"https:\/\/medicart.com\/en\/treatments\/","target":""},"image":{"ID":16373,"id":16373,"title":"medicart_IMGP2302_finale_montagedouble","filename":"medicart_IMGP2302_finale_montagedouble-1-scaled.jpg","filesize":266042,"url":"https:\/\/medicart.com\/wp-content\/uploads\/2023\/06\/medicart_IMGP2302_finale_montagedouble-1-scaled.jpg","link":"https:\/\/medicart.com\/en\/medicart-network\/medicart_imgp2302_finale_montagedouble-2-2\/","alt":"Consultation de la peau Medicart","author":"36987","description":"","caption":"","name":"medicart_imgp2302_finale_montagedouble-2-2","status":"inherit","uploaded_to":1622,"date":"2023-06-14 16:46:55","modified":"2023-10-03 17:54:40","menu_order":0,"mime_type":"image\/jpeg","type":"image","subtype":"jpeg","icon":"https:\/\/medicart.com\/wp-includes\/images\/media\/default.png","width":2106,"height":2560,"sizes":{"thumbnail":"https:\/\/medicart.com\/wp-content\/uploads\/2023\/06\/medicart_IMGP2302_finale_montagedouble-1-150x150.jpg","thumbnail-width":150,"thumbnail-height":150,"medium":"https:\/\/medicart.com\/wp-content\/uploads\/2023\/06\/medicart_IMGP2302_finale_montagedouble-1-247x300.jpg","medium-width":247,"medium-height":300,"medium_large":"https:\/\/medicart.com\/wp-content\/uploads\/2023\/06\/medicart_IMGP2302_finale_montagedouble-1-768x934.jpg","medium_large-width":768,"medium_large-height":934,"large":"https:\/\/medicart.com\/wp-content\/uploads\/2023\/06\/medicart_IMGP2302_finale_montagedouble-1-842x1024.jpg","large-width":842,"large-height":1024,"1536x1536":"https:\/\/medicart.com\/wp-content\/uploads\/2023\/06\/medicart_IMGP2302_finale_montagedouble-1-1264x1536.jpg","1536x1536-width":1264,"1536x1536-height":1536,"2048x2048":"https:\/\/medicart.com\/wp-content\/uploads\/2023\/06\/medicart_IMGP2302_finale_montagedouble-1-1685x2048.jpg","2048x2048-width":1685,"2048x2048-height":2048,"1:1_square":"https:\/\/medicart.com\/wp-content\/uploads\/2023\/06\/medicart_IMGP2302_finale_montagedouble-1-2000x2000.jpg","1:1_square-width":2000,"1:1_square-height":2000,"1:2_vertical":"https:\/\/medicart.com\/wp-content\/uploads\/2023\/06\/medicart_IMGP2302_finale_montagedouble-1-600x1200.jpg","1:2_vertical-width":600,"1:2_vertical-height":1200,"16:9_large":"https:\/\/medicart.com\/wp-content\/uploads\/2023\/06\/medicart_IMGP2302_finale_montagedouble-1-2560x1440.jpg","16:9_large-width":2560,"16:9_large-height":1440,"3:4_vertical":"https:\/\/medicart.com\/wp-content\/uploads\/2023\/06\/medicart_IMGP2302_finale_montagedouble-1-scaled.jpg","3:4_vertical-width":645,"3:4_vertical-height":784,"16:19_thumbnail":"https:\/\/medicart.com\/wp-content\/uploads\/2023\/06\/medicart_IMGP2302_finale_montagedouble-1-scaled.jpg","16:19_thumbnail-width":489,"16:19_thumbnail-height":594}}},"newsletter":{"title":"Sign up for the newsletter and get $25 off","text":"Get $25 off on purchases of $200 or more on products and treatments*"},"picture_main":{"ID":2020,"id":2020,"title":"Image_principale","filename":"Image_principale-2.jpg","filesize":0,"url":"https:\/\/medicart.com\/wp-content\/uploads\/2020\/10\/Image_principale-2.jpg","link":"https:\/\/medicart.com\/en\/medicart-network\/image_principale-2-3\/","alt":"","author":"36987","description":"","caption":"","name":"image_principale-2-3","status":"inherit","uploaded_to":1622,"date":"2020-10-22 18:49:40","modified":"2020-11-13 14:06:43","menu_order":0,"mime_type":"image\/jpeg","type":"image","subtype":"jpeg","icon":"https:\/\/medicart.com\/wp-includes\/images\/media\/default.png","width":1000,"height":1500,"sizes":{"thumbnail":"https:\/\/medicart.com\/wp-content\/uploads\/2020\/10\/Image_principale-2-150x150.jpg","thumbnail-width":150,"thumbnail-height":150,"medium":"https:\/\/medicart.com\/wp-content\/uploads\/2020\/10\/Image_principale-2-200x300.jpg","medium-width":200,"medium-height":300,"medium_large":"https:\/\/medicart.com\/wp-content\/uploads\/2020\/10\/Image_principale-2-768x1152.jpg","medium_large-width":768,"medium_large-height":1152,"large":"https:\/\/medicart.com\/wp-content\/uploads\/2020\/10\/Image_principale-2-683x1024.jpg","large-width":683,"large-height":1024,"1536x1536":"https:\/\/medicart.com\/wp-content\/uploads\/2020\/10\/Image_principale-2.jpg","1536x1536-width":1000,"1536x1536-height":1500,"2048x2048":"https:\/\/medicart.com\/wp-content\/uploads\/2020\/10\/Image_principale-2.jpg","2048x2048-width":1000,"2048x2048-height":1500,"1:1_square":"https:\/\/medicart.com\/wp-content\/uploads\/2020\/10\/Image_principale-2.jpg","1:1_square-width":1000,"1:1_square-height":1500,"1:2_vertical":"https:\/\/medicart.com\/wp-content\/uploads\/2020\/10\/Image_principale-2.jpg","1:2_vertical-width":600,"1:2_vertical-height":900,"16:9_large":"https:\/\/medicart.com\/wp-content\/uploads\/2020\/10\/Image_principale-2.jpg","16:9_large-width":960,"16:9_large-height":1440,"3:4_vertical":"https:\/\/medicart.com\/wp-content\/uploads\/2020\/10\/Image_principale-2.jpg","3:4_vertical-width":573,"3:4_vertical-height":860,"16:19_thumbnail":"https:\/\/medicart.com\/wp-content\/uploads\/2020\/10\/Image_principale-2.jpg","16:19_thumbnail-width":396,"16:19_thumbnail-height":594}},"home_chiffres_text":"Medicart, <em>artistry and science<\/em> in beauty, skin and vein care.","home_description":"The reference in aesthetic medicine and phlebology in Canada","home_title_top":"Reveal","home_title_bottom":"your beauty","blocks_content":[{"title":"A professional medical team in continuous training","text":"<p>Whether it&#8217;s to reduce signs of aging, improve the quality of your skin, eliminate imperfections, enhance your sexual health, or reshape your silhouette, we are here to support you in your journey.<\/p>\n<p>To prioritize your safety and ensure satisfying results, all treatment protocols are supervised by our medical director, Dr. Mich\u00e8le Ohayon.<\/p>\n","button_link":{"title":"Meet our experts","url":"https:\/\/epiderma.ca\/en\/medical-team\/","target":""},"image_1":{"ID":17307,"id":17307,"title":"DrOhayon","filename":"DrOhayon.png","filesize":1010733,"url":"https:\/\/medicart.com\/wp-content\/uploads\/2023\/06\/DrOhayon.png","link":"https:\/\/medicart.com\/en\/medicart-network\/drohayon\/","alt":"Dr Ohayon","author":"36987","description":"","caption":"","name":"drohayon","status":"inherit","uploaded_to":1622,"date":"2023-06-29 13:14:02","modified":"2023-06-29 13:16:25","menu_order":0,"mime_type":"image\/png","type":"image","subtype":"png","icon":"https:\/\/medicart.com\/wp-includes\/images\/media\/default.png","width":1639,"height":2048,"sizes":{"thumbnail":"https:\/\/medicart.com\/wp-content\/uploads\/2023\/06\/DrOhayon-150x150.png","thumbnail-width":150,"thumbnail-height":150,"medium":"https:\/\/medicart.com\/wp-content\/uploads\/2023\/06\/DrOhayon-240x300.png","medium-width":240,"medium-height":300,"medium_large":"https:\/\/medicart.com\/wp-content\/uploads\/2023\/06\/DrOhayon-768x960.png","medium_large-width":768,"medium_large-height":960,"large":"https:\/\/medicart.com\/wp-content\/uploads\/2023\/06\/DrOhayon-820x1024.png","large-width":820,"large-height":1024,"1536x1536":"https:\/\/medicart.com\/wp-content\/uploads\/2023\/06\/DrOhayon-1229x1536.png","1536x1536-width":1229,"1536x1536-height":1536,"2048x2048":"https:\/\/medicart.com\/wp-content\/uploads\/2023\/06\/DrOhayon.png","2048x2048-width":1639,"2048x2048-height":2048,"1:1_square":"https:\/\/medicart.com\/wp-content\/uploads\/2023\/06\/DrOhayon-2000x2000.png","1:1_square-width":2000,"1:1_square-height":2000,"1:2_vertical":"https:\/\/medicart.com\/wp-content\/uploads\/2023\/06\/DrOhayon-600x1200.png","1:2_vertical-width":600,"1:2_vertical-height":1200,"16:9_large":"https:\/\/medicart.com\/wp-content\/uploads\/2023\/06\/DrOhayon-1639x1440.png","16:9_large-width":1639,"16:9_large-height":1440,"3:4_vertical":"https:\/\/medicart.com\/wp-content\/uploads\/2023\/06\/DrOhayon-645x860.png","3:4_vertical-width":645,"3:4_vertical-height":860,"16:19_thumbnail":"https:\/\/medicart.com\/wp-content\/uploads\/2023\/06\/DrOhayon.png","16:19_thumbnail-width":475,"16:19_thumbnail-height":594}},"image_2":false},{"title":"Varicose Veins Treatment: Explore Our Solutions","text":"<p>Medicart offers cutting-edge treatments dedicated to varicose veins and spider veins, including sclerotherapy, ultrasound-guided injection, endovenous laser, and VenaSeal<sup>MD<\/sup> technology. With a personalized and secure approach, we alleviate symptoms, prevent complications, and enhance the aesthetics of the legs. Under the supervision of medical leadership, our treatments maximize benefits, thus improving your quality of life.<\/p>\n","button_link":{"title":"Learn more","url":"https:\/\/medicart.com\/en\/treatment-for-varicose-veins\/","target":""},"image_1":{"ID":21641,"id":21641,"title":"dr-st-amour","filename":"dr-st-amour.jpg","filesize":356653,"url":"https:\/\/medicart.com\/wp-content\/uploads\/2024\/02\/dr-st-amour.jpg","link":"https:\/\/medicart.com\/en\/medicart-network\/dr-st-amour-2\/","alt":"Traitement des varices par Dr St-Amour chez Medicart Montr\u00e9al","author":"37000","description":"","caption":"","name":"dr-st-amour-2","status":"inherit","uploaded_to":1622,"date":"2024-02-26 16:49:01","modified":"2024-02-26 16:49:56","menu_order":0,"mime_type":"image\/jpeg","type":"image","subtype":"jpeg","icon":"https:\/\/medicart.com\/wp-includes\/images\/media\/default.png","width":2560,"height":1568,"sizes":{"thumbnail":"https:\/\/medicart.com\/wp-content\/uploads\/2024\/02\/dr-st-amour-150x150.jpg","thumbnail-width":150,"thumbnail-height":150,"medium":"https:\/\/medicart.com\/wp-content\/uploads\/2024\/02\/dr-st-amour-300x184.jpg","medium-width":300,"medium-height":184,"medium_large":"https:\/\/medicart.com\/wp-content\/uploads\/2024\/02\/dr-st-amour-768x470.jpg","medium_large-width":768,"medium_large-height":470,"large":"https:\/\/medicart.com\/wp-content\/uploads\/2024\/02\/dr-st-amour-1024x627.jpg","large-width":1024,"large-height":627,"1536x1536":"https:\/\/medicart.com\/wp-content\/uploads\/2024\/02\/dr-st-amour-1536x941.jpg","1536x1536-width":1536,"1536x1536-height":941,"2048x2048":"https:\/\/medicart.com\/wp-content\/uploads\/2024\/02\/dr-st-amour-2048x1254.jpg","2048x2048-width":2048,"2048x2048-height":1254,"1:1_square":"https:\/\/medicart.com\/wp-content\/uploads\/2024\/02\/dr-st-amour-2000x1568.jpg","1:1_square-width":2000,"1:1_square-height":1568,"1:2_vertical":"https:\/\/medicart.com\/wp-content\/uploads\/2024\/02\/dr-st-amour-600x1200.jpg","1:2_vertical-width":600,"1:2_vertical-height":1200,"16:9_large":"https:\/\/medicart.com\/wp-content\/uploads\/2024\/02\/dr-st-amour-2560x1440.jpg","16:9_large-width":2560,"16:9_large-height":1440,"3:4_vertical":"https:\/\/medicart.com\/wp-content\/uploads\/2024\/02\/dr-st-amour-645x860.jpg","3:4_vertical-width":645,"3:4_vertical-height":860,"16:19_thumbnail":"https:\/\/medicart.com\/wp-content\/uploads\/2024\/02\/dr-st-amour-510x594.jpg","16:19_thumbnail-width":510,"16:19_thumbnail-height":594}},"image_2":{"ID":15463,"id":15463,"title":"paint","filename":"paint.png","filesize":8457,"url":"https:\/\/medicart.com\/wp-content\/uploads\/2023\/05\/paint.png","link":"https:\/\/medicart.com\/en\/medicart-network\/paint-2\/","alt":"peinture Medicart","author":"36987","description":"","caption":"","name":"paint-2","status":"inherit","uploaded_to":1622,"date":"2023-05-09 18:48:39","modified":"2024-02-26 19:44:21","menu_order":0,"mime_type":"image\/png","type":"image","subtype":"png","icon":"https:\/\/medicart.com\/wp-includes\/images\/media\/default.png","width":298,"height":225,"sizes":{"thumbnail":"https:\/\/medicart.com\/wp-content\/uploads\/2023\/05\/paint-150x150.png","thumbnail-width":150,"thumbnail-height":150,"medium":"https:\/\/medicart.com\/wp-content\/uploads\/2023\/05\/paint.png","medium-width":298,"medium-height":225,"medium_large":"https:\/\/medicart.com\/wp-content\/uploads\/2023\/05\/paint.png","medium_large-width":298,"medium_large-height":225,"large":"https:\/\/medicart.com\/wp-content\/uploads\/2023\/05\/paint.png","large-width":298,"large-height":225,"1536x1536":"https:\/\/medicart.com\/wp-content\/uploads\/2023\/05\/paint.png","1536x1536-width":298,"1536x1536-height":225,"2048x2048":"https:\/\/medicart.com\/wp-content\/uploads\/2023\/05\/paint.png","2048x2048-width":298,"2048x2048-height":225,"1:1_square":"https:\/\/medicart.com\/wp-content\/uploads\/2023\/05\/paint.png","1:1_square-width":298,"1:1_square-height":225,"1:2_vertical":"https:\/\/medicart.com\/wp-content\/uploads\/2023\/05\/paint.png","1:2_vertical-width":298,"1:2_vertical-height":225,"16:9_large":"https:\/\/medicart.com\/wp-content\/uploads\/2023\/05\/paint.png","16:9_large-width":298,"16:9_large-height":225,"3:4_vertical":"https:\/\/medicart.com\/wp-content\/uploads\/2023\/05\/paint.png","3:4_vertical-width":298,"3:4_vertical-height":225,"16:19_thumbnail":"https:\/\/medicart.com\/wp-content\/uploads\/2023\/05\/paint.png","16:19_thumbnail-width":298,"16:19_thumbnail-height":225}}},{"title":"Reveal your natural beauty with injections","text":"<p>At Medicart, we offer the highest quality care, emphasizing excellence in our practice of neuromodulator injections to enhance skin appearance. We place the client at the heart of our actions, from warm welcome to personalized follow-up. Our injectors help you improve the appearance of your skin by establishing personalized treatment plans, ensuring consistent excellence and harmonious, natural results.<\/p>\n","button_link":{"title":"Learn more","url":"https:\/\/medicart.com\/en\/treatment\/neuromodulator-injections\/","target":""},"image_1":{"ID":23139,"id":23139,"title":"photo-accueil-medicart-final-3","filename":"photo-accueil-medicart-final-3.jpg","filesize":199993,"url":"https:\/\/medicart.com\/wp-content\/uploads\/2024\/06\/photo-accueil-medicart-final-3.jpg","link":"https:\/\/medicart.com\/en\/medicart-network\/photo-accueil-medicart-final-3\/","alt":"R\u00e9v\u00e9lez votre beaut\u00e9 naturelle avec les injections","author":"37000","description":"","caption":"","name":"photo-accueil-medicart-final-3","status":"inherit","uploaded_to":1622,"date":"2024-06-07 17:02:55","modified":"2024-06-07 17:03:45","menu_order":0,"mime_type":"image\/jpeg","type":"image","subtype":"jpeg","icon":"https:\/\/medicart.com\/wp-includes\/images\/media\/default.png","width":2560,"height":1568,"sizes":{"thumbnail":"https:\/\/medicart.com\/wp-content\/uploads\/2024\/06\/photo-accueil-medicart-final-3-150x150.jpg","thumbnail-width":150,"thumbnail-height":150,"medium":"https:\/\/medicart.com\/wp-content\/uploads\/2024\/06\/photo-accueil-medicart-final-3-300x184.jpg","medium-width":300,"medium-height":184,"medium_large":"https:\/\/medicart.com\/wp-content\/uploads\/2024\/06\/photo-accueil-medicart-final-3-768x470.jpg","medium_large-width":768,"medium_large-height":470,"large":"https:\/\/medicart.com\/wp-content\/uploads\/2024\/06\/photo-accueil-medicart-final-3-1024x627.jpg","large-width":1024,"large-height":627,"1536x1536":"https:\/\/medicart.com\/wp-content\/uploads\/2024\/06\/photo-accueil-medicart-final-3-1536x941.jpg","1536x1536-width":1536,"1536x1536-height":941,"2048x2048":"https:\/\/medicart.com\/wp-content\/uploads\/2024\/06\/photo-accueil-medicart-final-3-2048x1254.jpg","2048x2048-width":2048,"2048x2048-height":1254,"1:1_square":"https:\/\/medicart.com\/wp-content\/uploads\/2024\/06\/photo-accueil-medicart-final-3-2000x1568.jpg","1:1_square-width":2000,"1:1_square-height":1568,"1:2_vertical":"https:\/\/medicart.com\/wp-content\/uploads\/2024\/06\/photo-accueil-medicart-final-3-600x1200.jpg","1:2_vertical-width":600,"1:2_vertical-height":1200,"16:9_large":"https:\/\/medicart.com\/wp-content\/uploads\/2024\/06\/photo-accueil-medicart-final-3-2560x1440.jpg","16:9_large-width":2560,"16:9_large-height":1440,"3:4_vertical":"https:\/\/medicart.com\/wp-content\/uploads\/2024\/06\/photo-accueil-medicart-final-3-645x860.jpg","3:4_vertical-width":645,"3:4_vertical-height":860,"16:19_thumbnail":"https:\/\/medicart.com\/wp-content\/uploads\/2024\/06\/photo-accueil-medicart-final-3-510x594.jpg","16:19_thumbnail-width":510,"16:19_thumbnail-height":594}},"image_2":false}]},"yoast_head":"<!-- This site is optimized with the Yoast SEO plugin v21.7 - https:\/\/yoast.com\/wordpress\/plugins\/seo\/ -->\n<title>The reference in aesthetic medicine and phlebology<\/title>\n<meta name=\"description\" content=\"Medicart is the brand of choice for aesthetic medicine and skin care in the world today with its 31 clinics in Canada. Make an appointment.\" \/>\n<meta name=\"robots\" content=\"index, follow, max-snippet:-1, max-image-preview:large, max-video-preview:-1\" \/>\n<link rel=\"canonical\" href=\"https:\/\/medicart.com\/en\/\" \/>\n<meta property=\"og:locale\" content=\"en_US\" \/>\n<meta property=\"og:type\" content=\"article\" \/>\n<meta property=\"og:title\" content=\"The reference in aesthetic medicine and phlebology\" \/>\n<meta property=\"og:description\" content=\"Medicart is the brand of choice for aesthetic medicine and skin care in the world today with its 31 clinics in Canada. Make an appointment.\" \/>\n<meta property=\"og:url\" content=\"https:\/\/medicart.com\/en\/\" \/>\n<meta property=\"og:site_name\" content=\"Medicart\" \/>\n<meta property=\"article:publisher\" content=\"https:\/\/www.facebook.com\/epiderma.ca\/\" \/>\n<meta property=\"article:modified_time\" content=\"2025-09-23T19:16:01+00:00\" \/>\n<meta name=\"twitter:card\" content=\"summary_large_image\" \/>\n<meta name=\"twitter:label1\" content=\"Est. reading time\" \/>\n\t<meta name=\"twitter:data1\" content=\"1 minute\" \/>\n<script type=\"application\/ld+json\" class=\"yoast-schema-graph\">{\"@context\":\"https:\/\/schema.org\",\"@graph\":[{\"@type\":\"WebPage\",\"@id\":\"https:\/\/medicart.com\/en\/\",\"url\":\"https:\/\/medicart.com\/en\/\",\"name\":\"The reference in aesthetic medicine and phlebology\",\"isPartOf\":{\"@id\":\"https:\/\/medicart.com\/en\/#website\"},\"datePublished\":\"2020-10-09T13:16:50+00:00\",\"dateModified\":\"2025-09-23T19:16:01+00:00\",\"description\":\"Medicart is the brand of choice for aesthetic medicine and skin care in the world today with its 31 clinics in Canada. Make an appointment.\",\"breadcrumb\":{\"@id\":\"https:\/\/medicart.com\/en\/#breadcrumb\"},\"inLanguage\":\"en-US\",\"potentialAction\":[{\"@type\":\"ReadAction\",\"target\":[\"https:\/\/medicart.com\/en\/\"]}]},{\"@type\":\"BreadcrumbList\",\"@id\":\"https:\/\/medicart.com\/en\/#breadcrumb\",\"itemListElement\":[{\"@type\":\"ListItem\",\"position\":1,\"name\":\"Home\",\"item\":\"https:\/\/medicart.com\/en\/\"},{\"@type\":\"ListItem\",\"position\":2,\"name\":\"Medicart Network | 31 clinics in Canada\"}]},{\"@type\":\"WebSite\",\"@id\":\"https:\/\/medicart.com\/en\/#website\",\"url\":\"https:\/\/medicart.com\/en\/\",\"name\":\"Medicart\",\"description\":\"Cliniques M\u00e9dico-Esth\u00e9tiques\",\"potentialAction\":[{\"@type\":\"SearchAction\",\"target\":{\"@type\":\"EntryPoint\",\"urlTemplate\":\"https:\/\/medicart.com\/en\/?s={search_term_string}\"},\"query-input\":\"required name=search_term_string\"}],\"inLanguage\":\"en-US\"}]}<\/script>\n<!-- \/ Yoast SEO plugin. -->","yoast_head_json":{"title":"The reference in aesthetic medicine and phlebology","description":"Medicart is the brand of choice for aesthetic medicine and skin care in the world today with its 31 clinics in Canada. Make an appointment.","robots":{"index":"index","follow":"follow","max-snippet":"max-snippet:-1","max-image-preview":"max-image-preview:large","max-video-preview":"max-video-preview:-1"},"canonical":"https:\/\/medicart.com\/en\/","og_locale":"en_US","og_type":"article","og_title":"The reference in aesthetic medicine and phlebology","og_description":"Medicart is the brand of choice for aesthetic medicine and skin care in the world today with its 31 clinics in Canada. Make an appointment.","og_url":"https:\/\/medicart.com\/en\/","og_site_name":"Medicart","article_publisher":"https:\/\/www.facebook.com\/epiderma.ca\/","article_modified_time":"2025-09-23T19:16:01+00:00","twitter_card":"summary_large_image","twitter_misc":{"Est. reading time":"1 minute"},"schema":{"@context":"https:\/\/schema.org","@graph":[{"@type":"WebPage","@id":"https:\/\/medicart.com\/en\/","url":"https:\/\/medicart.com\/en\/","name":"The reference in aesthetic medicine and phlebology","isPartOf":{"@id":"https:\/\/medicart.com\/en\/#website"},"datePublished":"2020-10-09T13:16:50+00:00","dateModified":"2025-09-23T19:16:01+00:00","description":"Medicart is the brand of choice for aesthetic medicine and skin care in the world today with its 31 clinics in Canada. Make an appointment.","breadcrumb":{"@id":"https:\/\/medicart.com\/en\/#breadcrumb"},"inLanguage":"en-US","potentialAction":[{"@type":"ReadAction","target":["https:\/\/medicart.com\/en\/"]}]},{"@type":"BreadcrumbList","@id":"https:\/\/medicart.com\/en\/#breadcrumb","itemListElement":[{"@type":"ListItem","position":1,"name":"Home","item":"https:\/\/medicart.com\/en\/"},{"@type":"ListItem","position":2,"name":"Medicart Network | 31 clinics in Canada"}]},{"@type":"WebSite","@id":"https:\/\/medicart.com\/en\/#website","url":"https:\/\/medicart.com\/en\/","name":"Medicart","description":"Cliniques M\u00e9dico-Esth\u00e9tiques","potentialAction":[{"@type":"SearchAction","target":{"@type":"EntryPoint","urlTemplate":"https:\/\/medicart.com\/en\/?s={search_term_string}"},"query-input":"required name=search_term_string"}],"inLanguage":"en-US"}]}},"_links":{"self":[{"href":"https:\/\/medicart.com\/en\/wp-json\/wp\/v2\/pages\/1622"}],"collection":[{"href":"https:\/\/medicart.com\/en\/wp-json\/wp\/v2\/pages"}],"about":[{"href":"https:\/\/medicart.com\/en\/wp-json\/wp\/v2\/types\/page"}],"author":[{"embeddable":true,"href":"https:\/\/medicart.com\/en\/wp-json\/wp\/v2\/users\/36987"}],"replies":[{"embeddable":true,"href":"https:\/\/medicart.com\/en\/wp-json\/wp\/v2\/comments?post=1622"}],"version-history":[{"count":82,"href":"https:\/\/medicart.com\/en\/wp-json\/wp\/v2\/pages\/1622\/revisions"}],"predecessor-version":[{"id":25047,"href":"https:\/\/medicart.com\/en\/wp-json\/wp\/v2\/pages\/1622\/revisions\/25047"}],"wp:attachment":[{"href":"https:\/\/medicart.com\/en\/wp-json\/wp\/v2\/media?parent=1622"}],"curies":[{"name":"wp","href":"https:\/\/api.w.org\/{rel}","templated":true}]}}