{"id":1636,"date":"2020-10-09T13:42:18","date_gmt":"2020-10-09T13:42:18","guid":{"rendered":"https:\/\/epiderma.ca\/medical-team\/"},"modified":"2026-02-09T10:17:28","modified_gmt":"2026-02-09T15:17:28","slug":"medical-team","status":"publish","type":"page","link":"https:\/\/medicart.com\/en\/medical-team\/","title":{"rendered":"Medical Direction"},"content":{"rendered":"","protected":false},"excerpt":{"rendered":"","protected":false},"author":36987,"featured_media":11353,"parent":0,"menu_order":0,"comment_status":"closed","ping_status":"closed","template":"template-team.php","meta":{"_acf_changed":false,"footnotes":""},"acf":{"team_numbers":[{"number":"36","label":"treatments","text":"In our clinics, we combine medical expertise and aesthetics to provide a complete range of personalized treatments."},{"number":"75","label":"physicians and nurses","text":"We have assembled a team of highly qualified healthcare professionals who are passionate about their profession and dedicated to providing you with the highest quality care."},{"number":"15","label":"technicians ","text":"In addition to providing you with quality care, we aim to establish a relationship of trust with you. Our goal is to offer you a positive experience by helping you feel comfortable and confident from your very first visit."}],"intro":"Discover the medical direction team at our 9 Medicart clinics.","director_intro":"<p><strong>Our medical director<\/strong><\/p>\n<p>Dr. Mich\u00e8le Ohayon is a renowned dermatologist who obtained her medical degree from the University of Montreal in 1984. She then specialized in dermatology at McGill University in 1989. For about twenty years, she held the position of Chief of the Dermatology Department at Sacr\u00e9-C\u0153ur Hospital and Anna Laberge Hospital.<\/p>\n<p>After practicing medical dermatology for nearly 30 years, she discovered aesthetic dermatology, which became her passion as an addition to her love for art. She also practices painting and other forms of art. For approximately 18 years, she has been working in the field of aesthetics and has given lectures and trainings in Canada and abroad. She is also an MD Codes trainer in Quebec.<\/p>\n","picture_main":{"ID":16448,"id":16448,"title":"homepage_hero_v3-2560x1440","filename":"homepage_hero_v3-2560x1440-1.jpg","filesize":327325,"url":"https:\/\/medicart.com\/wp-content\/uploads\/2023\/06\/homepage_hero_v3-2560x1440-1.jpg","link":"https:\/\/medicart.com\/en\/medicart-network\/homepage_hero_v3-2560x1440-2\/","alt":"L'\u00e9quipe de direction m\u00e9dicale des cliniques Medicart au Qu\u00e9bec et en Ontario","author":"36987","description":"","caption":"","name":"homepage_hero_v3-2560x1440-2","status":"inherit","uploaded_to":1622,"date":"2023-06-15 15:24:45","modified":"2024-01-30 21:44:34","menu_order":0,"mime_type":"image\/jpeg","type":"image","subtype":"jpeg","icon":"https:\/\/medicart.com\/wp-includes\/images\/media\/default.png","width":2560,"height":1440,"sizes":{"thumbnail":"https:\/\/medicart.com\/wp-content\/uploads\/2023\/06\/homepage_hero_v3-2560x1440-1-150x150.jpg","thumbnail-width":150,"thumbnail-height":150,"medium":"https:\/\/medicart.com\/wp-content\/uploads\/2023\/06\/homepage_hero_v3-2560x1440-1-300x169.jpg","medium-width":300,"medium-height":169,"medium_large":"https:\/\/medicart.com\/wp-content\/uploads\/2023\/06\/homepage_hero_v3-2560x1440-1-768x432.jpg","medium_large-width":768,"medium_large-height":432,"large":"https:\/\/medicart.com\/wp-content\/uploads\/2023\/06\/homepage_hero_v3-2560x1440-1-1024x576.jpg","large-width":1024,"large-height":576,"1536x1536":"https:\/\/medicart.com\/wp-content\/uploads\/2023\/06\/homepage_hero_v3-2560x1440-1-1536x864.jpg","1536x1536-width":1536,"1536x1536-height":864,"2048x2048":"https:\/\/medicart.com\/wp-content\/uploads\/2023\/06\/homepage_hero_v3-2560x1440-1-2048x1152.jpg","2048x2048-width":2048,"2048x2048-height":1152,"1:1_square":"https:\/\/medicart.com\/wp-content\/uploads\/2023\/06\/homepage_hero_v3-2560x1440-1-2000x1440.jpg","1:1_square-width":2000,"1:1_square-height":1440,"1:2_vertical":"https:\/\/medicart.com\/wp-content\/uploads\/2023\/06\/homepage_hero_v3-2560x1440-1-600x1200.jpg","1:2_vertical-width":600,"1:2_vertical-height":1200,"16:9_large":"https:\/\/medicart.com\/wp-content\/uploads\/2023\/06\/homepage_hero_v3-2560x1440-1-2560x1440.jpg","16:9_large-width":2560,"16:9_large-height":1440,"3:4_vertical":"https:\/\/medicart.com\/wp-content\/uploads\/2023\/06\/homepage_hero_v3-2560x1440-1.jpg","3:4_vertical-width":645,"3:4_vertical-height":363,"16:19_thumbnail":"https:\/\/medicart.com\/wp-content\/uploads\/2023\/06\/homepage_hero_v3-2560x1440-1.jpg","16:19_thumbnail-width":510,"16:19_thumbnail-height":287}},"director":[{"ID":16257,"post_author":"37000","post_date":"2023-06-09 14:20:51","post_date_gmt":"2023-06-09 18:20:51","post_content":"Dr. Mich\u00e8le Ohayon is a renowned dermatologist who obtained her medical degree from the University of Montreal in 1984. She then pursued dermatology at McGill University in 1989. For about twenty years, she held the position of Chief of the Dermatology Department at Sacr\u00e9-C\u0153ur Hospital and Anna Laberge Hospital.\n\nAfter practicing medical dermatology for nearly 30 years, she discovered aesthetic dermatology, which became her passion as an addition to her love for art. She also practices painting and other forms of art. For approximately 18 years, she has been working in the field of aesthetics and has given lectures and trainings in Canada and abroad. She is also an MD Codes trainer in Quebec.","post_title":"Dr. Mich\u00e8le Ohayon","post_excerpt":"","post_status":"publish","comment_status":"closed","ping_status":"closed","post_password":"","post_name":"dr-michele-ohayon","to_ping":"","pinged":"","post_modified":"2024-04-30 09:33:24","post_modified_gmt":"2024-04-30 13:33:24","post_content_filtered":"","post_parent":0,"guid":"https:\/\/live-medicart.pantheonsite.io\/?post_type=team&#038;p=16257","menu_order":0,"post_type":"team","post_mime_type":"","comment_count":"0","filter":"raw"}],"position":"left","title_specialistes":" Our Doctors"},"yoast_head":"<!-- This site is optimized with the Yoast SEO plugin v21.7 - https:\/\/yoast.com\/wordpress\/plugins\/seo\/ -->\n<title>Medical Direction<\/title>\n<meta name=\"description\" content=\"Our team of expert physicians will advise you while respecting your natural beauty in aesthetic medicine, dermatology and phlebology. Make an appointment.\" \/>\n<meta name=\"robots\" content=\"index, follow, max-snippet:-1, max-image-preview:large, max-video-preview:-1\" \/>\n<link rel=\"canonical\" href=\"https:\/\/medicart.com\/en\/medical-team\/\" \/>\n<meta property=\"og:locale\" content=\"en_US\" \/>\n<meta property=\"og:type\" content=\"article\" \/>\n<meta property=\"og:title\" content=\"Medical Direction\" \/>\n<meta property=\"og:description\" content=\"Our team of expert physicians will advise you while respecting your natural beauty in aesthetic medicine, dermatology and phlebology. Make an appointment.\" \/>\n<meta property=\"og:url\" content=\"https:\/\/medicart.com\/en\/medical-team\/\" \/>\n<meta property=\"og:site_name\" content=\"Medicart\" \/>\n<meta property=\"article:publisher\" content=\"https:\/\/www.facebook.com\/epiderma.ca\/\" \/>\n<meta property=\"article:modified_time\" content=\"2026-02-09T15:17:28+00:00\" \/>\n<meta property=\"og:image\" content=\"https:\/\/medicart.com\/wp-content\/uploads\/2022\/04\/Dre_Ghalehii_Sonya_WEB.jpg\" \/>\n\t<meta property=\"og:image:width\" content=\"2125\" \/>\n\t<meta property=\"og:image:height\" content=\"1417\" \/>\n\t<meta property=\"og:image:type\" content=\"image\/jpeg\" \/>\n<meta name=\"twitter:card\" content=\"summary_large_image\" \/>\n<meta name=\"twitter:label1\" content=\"Est. reading time\" \/>\n\t<meta name=\"twitter:data1\" content=\"1 minute\" \/>\n<script type=\"application\/ld+json\" class=\"yoast-schema-graph\">{\"@context\":\"https:\/\/schema.org\",\"@graph\":[{\"@type\":\"WebPage\",\"@id\":\"https:\/\/medicart.com\/en\/medical-team\/\",\"url\":\"https:\/\/medicart.com\/en\/medical-team\/\",\"name\":\"Medical Direction\",\"isPartOf\":{\"@id\":\"https:\/\/medicart.com\/en\/#website\"},\"datePublished\":\"2020-10-09T13:42:18+00:00\",\"dateModified\":\"2026-02-09T15:17:28+00:00\",\"description\":\"Our team of expert physicians will advise you while respecting your natural beauty in aesthetic medicine, dermatology and phlebology. Make an appointment.\",\"breadcrumb\":{\"@id\":\"https:\/\/medicart.com\/en\/medical-team\/#breadcrumb\"},\"inLanguage\":\"en-US\",\"potentialAction\":[{\"@type\":\"ReadAction\",\"target\":[\"https:\/\/medicart.com\/en\/medical-team\/\"]}]},{\"@type\":\"BreadcrumbList\",\"@id\":\"https:\/\/medicart.com\/en\/medical-team\/#breadcrumb\",\"itemListElement\":[{\"@type\":\"ListItem\",\"position\":1,\"name\":\"Home\",\"item\":\"https:\/\/medicart.com\/en\/\"},{\"@type\":\"ListItem\",\"position\":2,\"name\":\"Medical Direction\"}]},{\"@type\":\"WebSite\",\"@id\":\"https:\/\/medicart.com\/en\/#website\",\"url\":\"https:\/\/medicart.com\/en\/\",\"name\":\"Medicart\",\"description\":\"Cliniques M\u00e9dico-Esth\u00e9tiques\",\"potentialAction\":[{\"@type\":\"SearchAction\",\"target\":{\"@type\":\"EntryPoint\",\"urlTemplate\":\"https:\/\/medicart.com\/en\/?s={search_term_string}\"},\"query-input\":\"required name=search_term_string\"}],\"inLanguage\":\"en-US\"}]}<\/script>\n<!-- \/ Yoast SEO plugin. -->","yoast_head_json":{"title":"Medical Direction","description":"Our team of expert physicians will advise you while respecting your natural beauty in aesthetic medicine, dermatology and phlebology. Make an appointment.","robots":{"index":"index","follow":"follow","max-snippet":"max-snippet:-1","max-image-preview":"max-image-preview:large","max-video-preview":"max-video-preview:-1"},"canonical":"https:\/\/medicart.com\/en\/medical-team\/","og_locale":"en_US","og_type":"article","og_title":"Medical Direction","og_description":"Our team of expert physicians will advise you while respecting your natural beauty in aesthetic medicine, dermatology and phlebology. Make an appointment.","og_url":"https:\/\/medicart.com\/en\/medical-team\/","og_site_name":"Medicart","article_publisher":"https:\/\/www.facebook.com\/epiderma.ca\/","article_modified_time":"2026-02-09T15:17:28+00:00","og_image":[{"width":2125,"height":1417,"url":"https:\/\/medicart.com\/wp-content\/uploads\/2022\/04\/Dre_Ghalehii_Sonya_WEB.jpg","type":"image\/jpeg"}],"twitter_card":"summary_large_image","twitter_misc":{"Est. reading time":"1 minute"},"schema":{"@context":"https:\/\/schema.org","@graph":[{"@type":"WebPage","@id":"https:\/\/medicart.com\/en\/medical-team\/","url":"https:\/\/medicart.com\/en\/medical-team\/","name":"Medical Direction","isPartOf":{"@id":"https:\/\/medicart.com\/en\/#website"},"datePublished":"2020-10-09T13:42:18+00:00","dateModified":"2026-02-09T15:17:28+00:00","description":"Our team of expert physicians will advise you while respecting your natural beauty in aesthetic medicine, dermatology and phlebology. Make an appointment.","breadcrumb":{"@id":"https:\/\/medicart.com\/en\/medical-team\/#breadcrumb"},"inLanguage":"en-US","potentialAction":[{"@type":"ReadAction","target":["https:\/\/medicart.com\/en\/medical-team\/"]}]},{"@type":"BreadcrumbList","@id":"https:\/\/medicart.com\/en\/medical-team\/#breadcrumb","itemListElement":[{"@type":"ListItem","position":1,"name":"Home","item":"https:\/\/medicart.com\/en\/"},{"@type":"ListItem","position":2,"name":"Medical Direction"}]},{"@type":"WebSite","@id":"https:\/\/medicart.com\/en\/#website","url":"https:\/\/medicart.com\/en\/","name":"Medicart","description":"Cliniques M\u00e9dico-Esth\u00e9tiques","potentialAction":[{"@type":"SearchAction","target":{"@type":"EntryPoint","urlTemplate":"https:\/\/medicart.com\/en\/?s={search_term_string}"},"query-input":"required name=search_term_string"}],"inLanguage":"en-US"}]}},"_links":{"self":[{"href":"https:\/\/medicart.com\/en\/wp-json\/wp\/v2\/pages\/1636"}],"collection":[{"href":"https:\/\/medicart.com\/en\/wp-json\/wp\/v2\/pages"}],"about":[{"href":"https:\/\/medicart.com\/en\/wp-json\/wp\/v2\/types\/page"}],"author":[{"embeddable":true,"href":"https:\/\/medicart.com\/en\/wp-json\/wp\/v2\/users\/36987"}],"replies":[{"embeddable":true,"href":"https:\/\/medicart.com\/en\/wp-json\/wp\/v2\/comments?post=1636"}],"version-history":[{"count":29,"href":"https:\/\/medicart.com\/en\/wp-json\/wp\/v2\/pages\/1636\/revisions"}],"predecessor-version":[{"id":25283,"href":"https:\/\/medicart.com\/en\/wp-json\/wp\/v2\/pages\/1636\/revisions\/25283"}],"wp:featuredmedia":[{"embeddable":true,"href":"https:\/\/medicart.com\/en\/wp-json\/wp\/v2\/media\/11353"}],"wp:attachment":[{"href":"https:\/\/medicart.com\/en\/wp-json\/wp\/v2\/media?parent=1636"}],"curies":[{"name":"wp","href":"https:\/\/api.w.org\/{rel}","templated":true}]}}